{"id":387,"date":"2014-09-13T18:22:28","date_gmt":"2014-09-13T16:22:28","guid":{"rendered":"https:\/\/ipsrv02.ip.co.at\/janinabaechle.com\/?page_id=387"},"modified":"2021-11-24T16:09:53","modified_gmt":"2021-11-24T14:09:53","slug":"contact-imprint","status":"publish","type":"page","link":"http:\/\/www.janinabaechle.com\/?page_id=387","title":{"rendered":"Contact"},"content":{"rendered":"<div style='padding-bottom:10px; color:#938745;' class='av-special-heading av-special-heading-h3 custom-color-heading   avia-builder-el-0  el_before_av_two_fifth  avia-builder-el-first   '><h3 class='av-special-heading-tag '  itemprop=\"headline\"  >Contact and Imprint | Kontakt und Impressum<\/h3><div class='special-heading-border'><div class='special-heading-inner-border' style='border-color:#938745'><\/div><\/div><\/div>\n<div class=\"flex_column av_two_fifth  flex_column_div first  avia-builder-el-1  el_after_av_heading  el_before_av_three_fifth  \" ><section class=\"av_textblock_section \"  itemscope=\"itemscope\" itemtype=\"https:\/\/schema.org\/CreativeWork\" ><div class='avia_textblock  '   itemprop=\"text\" ><p><strong>Generalmanagement<\/strong><\/p>\n<p class=\"p1\">Tamara Herzl<br \/>\nK\u00fcnstlermanagement<br \/>\nBreyerstrasse 3\/ Top 3<br \/>\n2500 Baden\/ \u00d6sterreich<br \/>\n+43 676 950 52 44<br \/>\n<a href=\"mailto:contact@tamaraherzl.com\">contact@tamaraherzl.com <\/a><\/p>\n<p><strong>Design and\/und Webhosting<\/strong><\/p>\n<p>Medea Consulting GmbH | Erich Hofmann<\/p>\n<div style='height:20px' class='hr hr-invisible   avia-builder-el-3  avia-builder-el-no-sibling '><span class='hr-inner ' ><span class='hr-inner-style'><\/span><\/span><\/div>\n<p>Anbieter und verantwortlich f\u00fcr den Inhalt dieser Internetseiten: Janina Baechle, Kontakt \u00fcber <a href=\"mailto:office@medea-production.com\" target=\"_blank\" rel=\"noopener\">office@medea-production.com<\/a><\/p>\n<p>Haftungshinweis:<br \/>\nTrotz sorgf\u00e4ltiger inhaltlicher Kontrolle \u00fcbernehmen wir keine Haftung f\u00fcr die Inhalte externer Links. F\u00fcr den Inhalt der verlinkten Seiten sind ausschlie\u00dflich deren Betreiber verantwortlich.<\/p>\n<\/div><\/section><\/div><div class=\"flex_column av_three_fifth  flex_column_div   avia-builder-el-4  el_after_av_two_fifth  avia-builder-el-last  \" ><div class='avia-image-container avia_animated_image avia_animate_when_almost_visible top-to-bottom av-styling-no-styling  noHover  av-overlay-on-hover   avia-builder-el-5  avia-builder-el-no-sibling  avia-align-right '  itemprop=\"ImageObject\" itemscope=\"itemscope\" itemtype=\"https:\/\/schema.org\/ImageObject\"  ><div class='avia-image-container-inner'><div class='avia-image-overlay-wrap'><div class='av-image-caption-overlay'><div class='av-caption-image-overlay-bg' style='opacity:0.4; background-color:#000000; '><\/div><div class='av-image-caption-overlay-position'><div class='av-image-caption-overlay-center' style='color:#ffffff; font-size:10px; '><p>\u00a9 Nancy Horowitz<\/p>\n<\/div><\/div><\/div><img class='avia_image' src='http:\/\/www.janinabaechle.com\/wp-content\/uploads\/2014\/09\/janina_baechle_front_nancy_08.jpg' alt='' title='janina_baechle_front_nancy_08' height=\"420\" width=\"1030\"  itemprop=\"thumbnailUrl\"  \/><\/div><\/div><\/div><\/div><\/p>\n","protected":false},"excerpt":{"rendered":"","protected":false},"author":1,"featured_media":0,"parent":0,"menu_order":0,"comment_status":"open","ping_status":"open","template":"","meta":{"_bbp_topic_count":0,"_bbp_reply_count":0,"_bbp_total_topic_count":0,"_bbp_total_reply_count":0,"_bbp_voice_count":0,"_bbp_anonymous_reply_count":0,"_bbp_topic_count_hidden":0,"_bbp_reply_count_hidden":0,"_bbp_forum_subforum_count":0,"footnotes":""},"class_list":["post-387","page","type-page","status-publish","hentry"],"yoast_head":"<!-- This site is optimized with the Yoast SEO plugin v27.0 - https:\/\/yoast.com\/product\/yoast-seo-wordpress\/ -->\n<title>Contact - Janina Baechle<\/title>\n<meta name=\"description\" content=\"Contact Janina Baechle\" \/>\n<meta name=\"robots\" content=\"index, follow, max-snippet:-1, max-image-preview:large, max-video-preview:-1\" \/>\n<link rel=\"canonical\" href=\"http:\/\/www.janinabaechle.com\/?page_id=387\" \/>\n<meta property=\"og:locale\" content=\"de_DE\" \/>\n<meta property=\"og:type\" content=\"article\" \/>\n<meta property=\"og:title\" content=\"Contact - Janina Baechle\" \/>\n<meta property=\"og:description\" content=\"Contact Janina Baechle\" \/>\n<meta property=\"og:url\" content=\"http:\/\/www.janinabaechle.com\/?page_id=387\" \/>\n<meta property=\"og:site_name\" content=\"Janina Baechle\" \/>\n<meta property=\"article:modified_time\" content=\"2021-11-24T14:09:53+00:00\" \/>\n<meta name=\"twitter:label1\" content=\"Gesch\u00e4tzte Lesezeit\" \/>\n\t<meta name=\"twitter:data1\" content=\"1\u00a0Minute\" \/>\n<script type=\"application\/ld+json\" class=\"yoast-schema-graph\">{\"@context\":\"https:\/\/schema.org\",\"@graph\":[{\"@type\":\"WebPage\",\"@id\":\"http:\/\/www.janinabaechle.com\/?page_id=387\",\"url\":\"http:\/\/www.janinabaechle.com\/?page_id=387\",\"name\":\"Contact - Janina Baechle\",\"isPartOf\":{\"@id\":\"https:\/\/www.janinabaechle.com\/#website\"},\"datePublished\":\"2014-09-13T16:22:28+00:00\",\"dateModified\":\"2021-11-24T14:09:53+00:00\",\"description\":\"Contact Janina Baechle\",\"breadcrumb\":{\"@id\":\"http:\/\/www.janinabaechle.com\/?page_id=387#breadcrumb\"},\"inLanguage\":\"de\",\"potentialAction\":[{\"@type\":\"ReadAction\",\"target\":[\"http:\/\/www.janinabaechle.com\/?page_id=387\"]}]},{\"@type\":\"BreadcrumbList\",\"@id\":\"http:\/\/www.janinabaechle.com\/?page_id=387#breadcrumb\",\"itemListElement\":[{\"@type\":\"ListItem\",\"position\":1,\"name\":\"Home\",\"item\":\"https:\/\/www.janinabaechle.com\/\"},{\"@type\":\"ListItem\",\"position\":2,\"name\":\"Contact\"}]},{\"@type\":\"WebSite\",\"@id\":\"https:\/\/www.janinabaechle.com\/#website\",\"url\":\"https:\/\/www.janinabaechle.com\/\",\"name\":\"Janina Baechle\",\"description\":\"Official Website of Janina Baechle\",\"potentialAction\":[{\"@type\":\"SearchAction\",\"target\":{\"@type\":\"EntryPoint\",\"urlTemplate\":\"https:\/\/www.janinabaechle.com\/?s={search_term_string}\"},\"query-input\":{\"@type\":\"PropertyValueSpecification\",\"valueRequired\":true,\"valueName\":\"search_term_string\"}}],\"inLanguage\":\"de\"}]}<\/script>\n<!-- \/ Yoast SEO plugin. -->","yoast_head_json":{"title":"Contact - Janina Baechle","description":"Contact Janina Baechle","robots":{"index":"index","follow":"follow","max-snippet":"max-snippet:-1","max-image-preview":"max-image-preview:large","max-video-preview":"max-video-preview:-1"},"canonical":"http:\/\/www.janinabaechle.com\/?page_id=387","og_locale":"de_DE","og_type":"article","og_title":"Contact - Janina Baechle","og_description":"Contact Janina Baechle","og_url":"http:\/\/www.janinabaechle.com\/?page_id=387","og_site_name":"Janina Baechle","article_modified_time":"2021-11-24T14:09:53+00:00","twitter_misc":{"Gesch\u00e4tzte Lesezeit":"1\u00a0Minute"},"schema":{"@context":"https:\/\/schema.org","@graph":[{"@type":"WebPage","@id":"http:\/\/www.janinabaechle.com\/?page_id=387","url":"http:\/\/www.janinabaechle.com\/?page_id=387","name":"Contact - Janina Baechle","isPartOf":{"@id":"https:\/\/www.janinabaechle.com\/#website"},"datePublished":"2014-09-13T16:22:28+00:00","dateModified":"2021-11-24T14:09:53+00:00","description":"Contact Janina Baechle","breadcrumb":{"@id":"http:\/\/www.janinabaechle.com\/?page_id=387#breadcrumb"},"inLanguage":"de","potentialAction":[{"@type":"ReadAction","target":["http:\/\/www.janinabaechle.com\/?page_id=387"]}]},{"@type":"BreadcrumbList","@id":"http:\/\/www.janinabaechle.com\/?page_id=387#breadcrumb","itemListElement":[{"@type":"ListItem","position":1,"name":"Home","item":"https:\/\/www.janinabaechle.com\/"},{"@type":"ListItem","position":2,"name":"Contact"}]},{"@type":"WebSite","@id":"https:\/\/www.janinabaechle.com\/#website","url":"https:\/\/www.janinabaechle.com\/","name":"Janina Baechle","description":"Official Website of Janina Baechle","potentialAction":[{"@type":"SearchAction","target":{"@type":"EntryPoint","urlTemplate":"https:\/\/www.janinabaechle.com\/?s={search_term_string}"},"query-input":{"@type":"PropertyValueSpecification","valueRequired":true,"valueName":"search_term_string"}}],"inLanguage":"de"}]}},"_links":{"self":[{"href":"http:\/\/www.janinabaechle.com\/index.php?rest_route=\/wp\/v2\/pages\/387","targetHints":{"allow":["GET"]}}],"collection":[{"href":"http:\/\/www.janinabaechle.com\/index.php?rest_route=\/wp\/v2\/pages"}],"about":[{"href":"http:\/\/www.janinabaechle.com\/index.php?rest_route=\/wp\/v2\/types\/page"}],"author":[{"embeddable":true,"href":"http:\/\/www.janinabaechle.com\/index.php?rest_route=\/wp\/v2\/users\/1"}],"replies":[{"embeddable":true,"href":"http:\/\/www.janinabaechle.com\/index.php?rest_route=%2Fwp%2Fv2%2Fcomments&post=387"}],"version-history":[{"count":7,"href":"http:\/\/www.janinabaechle.com\/index.php?rest_route=\/wp\/v2\/pages\/387\/revisions"}],"predecessor-version":[{"id":844,"href":"http:\/\/www.janinabaechle.com\/index.php?rest_route=\/wp\/v2\/pages\/387\/revisions\/844"}],"wp:attachment":[{"href":"http:\/\/www.janinabaechle.com\/index.php?rest_route=%2Fwp%2Fv2%2Fmedia&parent=387"}],"curies":[{"name":"wp","href":"https:\/\/api.w.org\/{rel}","templated":true}]}}