{"id":395,"date":"2014-09-13T18:35:54","date_gmt":"2014-09-13T16:35:54","guid":{"rendered":"https:\/\/ipsrv02.ip.co.at\/janinabaechle.com\/?page_id=395"},"modified":"2014-09-21T09:38:36","modified_gmt":"2014-09-21T07:38:36","slug":"repertoire-2","status":"publish","type":"page","link":"http:\/\/www.janinabaechle.com\/?page_id=395","title":{"rendered":"Repertoire"},"content":{"rendered":"<div style='padding-bottom:10px; color:#938745;' class='av-special-heading av-special-heading-h3 custom-color-heading   avia-builder-el-0  el_before_av_two_third  avia-builder-el-first  '><h3 class='av-special-heading-tag '  itemprop=\"headline\"  >Basic Repertoire &#8211; Opera and Concert<\/h3><div class='special-heading-border'><div class='special-heading-inner-border' style='border-color:#938745'><\/div><\/div><\/div>\n<div class=\"flex_column av_two_third  flex_column_div first  avia-builder-el-1  el_after_av_heading  el_before_av_one_third  \" ><section class=\"av_textblock_section \"  itemscope=\"itemscope\" itemtype=\"https:\/\/schema.org\/CreativeWork\" ><div class='avia_textblock  '   itemprop=\"text\" ><p><strong>Bartok, B.<\/strong><br \/>\nHerzog Blaubarts Burg | Judith<\/p>\n<p><strong>Berg, A.<\/strong><br \/>\nLulu | Gr\u00e4fin Geschwitz<\/p>\n<p><strong>Dvorak, A.<\/strong><br \/>\nRusalka | Jezibaba<\/p>\n<p><strong>H\u00e4ndel, G.F.<\/strong><br \/>\nGiulio Cesare | Cornelia<\/p>\n<p><strong>Humperndinck, E.<\/strong><br \/>\nH\u00e4nsel und Gretel | Mutter Gertrud<\/p>\n<p><strong>Jan\u00e1cek, L.<\/strong><br \/>\nKatja Kabanowa | Kabanicha<br \/>\nOsud | Milas Mutter<\/p>\n<p><strong>Korngold, E.W.<\/strong><br \/>\nDie tote Stadt | Brigitta<\/p>\n<p><strong>Mantovani, B.<\/strong><br \/>\nAkhmatova | Anna Akhmatova<\/p>\n<p><strong>Mascagni, P.<\/strong><br \/>\nCavalleria Rusticana | Santuzza<\/p>\n<p><strong>Puccini, G.<\/strong><br \/>\nSuor Angelica | Principessa<\/p>\n<p><strong>Strauss, R.<\/strong><br \/>\nDie Frau ohne Schatten | Amme<br \/>\nDaphne | Gaea<br \/>\nSalome | Herodias<\/p>\n<p><strong>Verdi, G.<\/strong><br \/>\nAida | Amneris<br \/>\nDon Carlo | Eboli<br \/>\nNabucco | Fenena<br \/>\nIl trovatore | Azucena<br \/>\nFalstaff | Mrs. Quickly<br \/>\nUn ballo in maschera | Ulrica<\/p>\n<p><strong>Wagner, R.<\/strong><br \/>\nDas Rheingold | Erda Fricka<br \/>\nDie Walk\u00fcre | Fricka<br \/>\nSiegfried | Erda<br \/>\nG\u00f6tterd\u00e4mmerung | Waltraute<br \/>\nLohengrin | Ortrud<br \/>\nTristan und Isolde | Brang\u00e4ne<\/p>\n<p><strong>Weill, K.<\/strong><br \/>\nAufstieg und Fall der Stadt Mahagonny | Begbick<\/p>\n<\/div><\/section><\/div>\n<div class=\"flex_column av_one_third  flex_column_div   avia-builder-el-3  el_after_av_two_third  el_before_av_four_fifth  \" ><section class=\"av_textblock_section \"  itemscope=\"itemscope\" itemtype=\"https:\/\/schema.org\/CreativeWork\" ><div class='avia_textblock  '   itemprop=\"text\" ><p><strong>Current Song-Programs<\/strong><\/p>\n<p><a href=\"https:\/\/ipsrv02.ip.co.at\/janinabaechle.com\/wp-content\/uploads\/2014\/09\/Back-to-Bach.pdf\" target=\"_blank\">Back to Bach<\/a><\/p>\n<p><a href=\"https:\/\/ipsrv02.ip.co.at\/janinabaechle.com\/wp-content\/uploads\/2014\/09\/Nocturnes.pdf\" target=\"_blank\">Nocturnes<\/a><\/p>\n<p><a href=\"https:\/\/ipsrv02.ip.co.at\/janinabaechle.com\/wp-content\/uploads\/2014\/09\/Le-temps-retrouv\u00e9-de-Reynaldo-Hahn.pdf\" target=\"_blank\">Le temps retrouv\u00e9 de Reynaldo Hahn<\/a><\/p>\n<p><a href=\"https:\/\/ipsrv02.ip.co.at\/janinabaechle.com\/wp-content\/uploads\/2014\/09\/J.Brahms-G.Mahler.pdf\" target=\"_blank\">J.Brahms \u2013 G.Mahler<\/a><\/p>\n<p><a href=\"https:\/\/ipsrv02.ip.co.at\/janinabaechle.com\/wp-content\/uploads\/2014\/09\/Hommage-\u00e0-Anna-Bahr-Mildenburg.pdf\" target=\"_blank\">Hommage \u00e0 Anna Bahr Mildenburg<\/a><\/p>\n<p><a href=\"https:\/\/ipsrv02.ip.co.at\/janinabaechle.com\/wp-content\/uploads\/2014\/09\/Au-Pays-qui-te-ressemble.pdf\" target=\"_blank\">Au Pays qui te ressemble<\/a><\/p>\n<p><a href=\"https:\/\/ipsrv02.ip.co.at\/janinabaechle.com\/wp-content\/uploads\/2014\/09\/Chinesische-Dichter-und-Hafis.pdf\" target=\"_blank\">Chinesische Dichter und Hafis<\/a><\/p>\n<p><a href=\"https:\/\/ipsrv02.ip.co.at\/janinabaechle.com\/wp-content\/uploads\/2014\/09\/Schumanniana.pdf\" target=\"_blank\">Schumanniana<\/a><\/p>\n<\/div><\/section><\/div><div class=\"flex_column av_four_fifth  flex_column_div first  avia-builder-el-5  el_after_av_one_third  avia-builder-el-last  column-top-margin\" ><section class=\"av_textblock_section \"  itemscope=\"itemscope\" itemtype=\"https:\/\/schema.org\/CreativeWork\" ><div class='avia_textblock  '   itemprop=\"text\" ><p><strong>Bach J.S.<\/strong> Johannes-Passion (Alt) | Weihnachtsoratorium (Alt) | h-moll-Messe (Alt)<br \/>\n<strong>Bantock, G.<\/strong> Sappho<br \/>\n<strong>Barber S.<\/strong> Hermit songs | 3 songs op. 10<br \/>\n<strong>Berg A.<\/strong> 7 fr\u00fche Lieder | 4 Lieder op. 2<br \/>\n<strong>Berlioz H.<\/strong> Les Nuits d\u2019\u00e9t\u00e9 | Mort d&#8217;Oph\u00e9lie<br \/>\n<strong>Boulanger L.<\/strong> Quatre Chants<br \/>\n<strong>Brahms J.<\/strong> Alt-Rhapsodie op.53 | Die sch\u00f6ne Magellone op. 33 | 4 Ernste Ges\u00e4nge op.121| Ausgew\u00e4hlte Lieder<br \/>\n<strong>Britten B.<\/strong> A Charm of Lullabies op. 41<br \/>\n<strong>Caplet A.<\/strong> Le Miroir de Jesu<br \/>\n<strong>Chausson E.<\/strong> Po\u00e8me de l&#8217;amour et de la mer | Chanson perpetuelle<br \/>\n<strong>Debussy C.<\/strong> Proses lyriques | Promenoir des deux amants<br \/>\n<strong>Duparc H.<\/strong> Ausgew\u00e4hlte Lieder<br \/>\n<strong>Durufl\u00e9 M.<\/strong> Requiem (Mezzosopran)<br \/>\n<strong>Elgar E.<\/strong> Sea Pictures | Dream of Gerontius (Angel)<br \/>\n<strong>Faur\u00e9 G.<\/strong> Le jardin clos op. 106 | Ausgew\u00e4hlte Lieder<br \/>\n<strong>Grieg E.<\/strong> Lieder op. 48<br \/>\n<strong>Hahn R. <\/strong>Chansons Grises | Ausgew\u00e4hlte Lieder<br \/>\n<strong>H\u00e4ndel G.F.<\/strong> Messiah (Alt)<br \/>\n<strong>Korngold E.<\/strong> 5 Lieder op. 38 | Lieder des Abschieds op. 14<br \/>\n<strong>Langlais J.<\/strong> Missa in simplicitate<br \/>\n<strong>Liszt F.<\/strong> Ausgew\u00e4hlte Lieder<br \/>\n<strong>Mahler G.<\/strong> 2. Symphonie | 3. Symphonie | 8. Symphonie | R\u00fcckert Lieder | Kindertotenlieder | Lied von der Erde | Lieder aus Des Knaben Wunderhorn<br \/>\n<strong>Mahler A.<\/strong> Ausgew\u00e4hlte Lieder<br \/>\n<strong>Mendelssohn-Bartholdy F.<\/strong> Elias (Engel, K\u00f6nigin)<br \/>\n<strong>Milhaud D.<\/strong> Poemes juifs<br \/>\n<strong>Mozart W.A.<\/strong> Requiem (Alt)<br \/>\n<strong>Ravel M.<\/strong> Sheherazade | Kaddish | L\u00b4\u00e9nigme \u00e9ternel | Un grand sommeil noir | Vocalise<br \/>\n<strong>Reger M.<\/strong> Requiem | An die Hoffnung op.124<br \/>\n<strong>Respighi O.<\/strong> Il tramonto<br \/>\n<strong>Reimann A.<\/strong> Eingedunkelt<br \/>\n<strong>Rossini G.<\/strong> Petite Messe solennelle (Alt)<br \/>\n<strong>Roussel A.<\/strong> Ausgew\u00e4hlte Lieder<br \/>\n<strong>Saint-Saens C.<\/strong> Oratorio Noel (Alt, Mezzosopran)<br \/>\n<strong>Sch\u00f6nberg A.<\/strong> 4 Lieder op. 2 | Das Buch der h\u00e4ngenden G\u00e4rten | Lied der Waldtaube<br \/>\n<strong>Schostakowitch D.<\/strong> Suite op. 143<br \/>\n<strong>Schubert F. <\/strong>Winterreise D911<strong> | <\/strong>Ausgew\u00e4hlte Lieder<br \/>\n<strong>Schumann R. <\/strong>12 Kerner Lieder op.35 | 6 Gedichte N.Lehnau | Requiem op.90<strong> | <\/strong>Maria Stuart Lieder | Ausgew\u00e4hlte Lieder<br \/>\n<strong>S\u00e9verac D.<\/strong> Ausgew\u00e4hlte Lieder<br \/>\n<strong>Strauss R.<\/strong> Lieder op. 10 | op. 27 | Ausgew\u00e4hlte Lieder<br \/>\n<strong>Tschaikowsky P.I.<\/strong> 6 franz\u00f6siche Lieder op. 65 | op. 73 | Ausgew\u00e4hlte Lieder<br \/>\n<strong>Verdi G.<\/strong> Requiem (Mezzosopran)<br \/>\n<strong>Wagner R.<\/strong> Wesendonck Lieder<br \/>\n<strong>Wolf H.<\/strong> 4 Mignon Lieder | Ausgew\u00e4hlte Lieder<br \/>\n<strong>Zemlinsky A.<\/strong> 6 Ges\u00e4nge op. 13<\/p>\n<\/div><\/section><\/div><\/p>\n","protected":false},"excerpt":{"rendered":"","protected":false},"author":1,"featured_media":0,"parent":0,"menu_order":0,"comment_status":"open","ping_status":"open","template":"","meta":{"_bbp_topic_count":0,"_bbp_reply_count":0,"_bbp_total_topic_count":0,"_bbp_total_reply_count":0,"_bbp_voice_count":0,"_bbp_anonymous_reply_count":0,"_bbp_topic_count_hidden":0,"_bbp_reply_count_hidden":0,"_bbp_forum_subforum_count":0,"footnotes":""},"class_list":["post-395","page","type-page","status-publish","hentry"],"yoast_head":"<!-- This site is optimized with the Yoast SEO plugin v27.0 - https:\/\/yoast.com\/product\/yoast-seo-wordpress\/ -->\n<title>Repertoire - Janina Baechle<\/title>\n<meta name=\"description\" content=\"Repertoire of Janina Baechle\" \/>\n<meta name=\"robots\" content=\"index, follow, max-snippet:-1, max-image-preview:large, max-video-preview:-1\" \/>\n<link rel=\"canonical\" href=\"http:\/\/www.janinabaechle.com\/?page_id=395\" \/>\n<meta property=\"og:locale\" content=\"de_DE\" \/>\n<meta property=\"og:type\" content=\"article\" \/>\n<meta property=\"og:title\" content=\"Repertoire - Janina Baechle\" \/>\n<meta property=\"og:description\" content=\"Repertoire of Janina Baechle\" \/>\n<meta property=\"og:url\" content=\"http:\/\/www.janinabaechle.com\/?page_id=395\" \/>\n<meta property=\"og:site_name\" content=\"Janina Baechle\" \/>\n<meta property=\"article:modified_time\" content=\"2014-09-21T07:38:36+00:00\" \/>\n<meta name=\"twitter:label1\" content=\"Gesch\u00e4tzte Lesezeit\" \/>\n\t<meta name=\"twitter:data1\" content=\"3\u00a0Minuten\" \/>\n<script type=\"application\/ld+json\" class=\"yoast-schema-graph\">{\"@context\":\"https:\/\/schema.org\",\"@graph\":[{\"@type\":\"WebPage\",\"@id\":\"http:\/\/www.janinabaechle.com\/?page_id=395\",\"url\":\"http:\/\/www.janinabaechle.com\/?page_id=395\",\"name\":\"Repertoire - Janina Baechle\",\"isPartOf\":{\"@id\":\"http:\/\/www.janinabaechle.com\/#website\"},\"datePublished\":\"2014-09-13T16:35:54+00:00\",\"dateModified\":\"2014-09-21T07:38:36+00:00\",\"description\":\"Repertoire of Janina Baechle\",\"breadcrumb\":{\"@id\":\"http:\/\/www.janinabaechle.com\/?page_id=395#breadcrumb\"},\"inLanguage\":\"de\",\"potentialAction\":[{\"@type\":\"ReadAction\",\"target\":[\"http:\/\/www.janinabaechle.com\/?page_id=395\"]}]},{\"@type\":\"BreadcrumbList\",\"@id\":\"http:\/\/www.janinabaechle.com\/?page_id=395#breadcrumb\",\"itemListElement\":[{\"@type\":\"ListItem\",\"position\":1,\"name\":\"Home\",\"item\":\"http:\/\/www.janinabaechle.com\/\"},{\"@type\":\"ListItem\",\"position\":2,\"name\":\"Repertoire\"}]},{\"@type\":\"WebSite\",\"@id\":\"http:\/\/www.janinabaechle.com\/#website\",\"url\":\"http:\/\/www.janinabaechle.com\/\",\"name\":\"Janina Baechle\",\"description\":\"Official Website of Janina Baechle\",\"potentialAction\":[{\"@type\":\"SearchAction\",\"target\":{\"@type\":\"EntryPoint\",\"urlTemplate\":\"http:\/\/www.janinabaechle.com\/?s={search_term_string}\"},\"query-input\":{\"@type\":\"PropertyValueSpecification\",\"valueRequired\":true,\"valueName\":\"search_term_string\"}}],\"inLanguage\":\"de\"}]}<\/script>\n<!-- \/ Yoast SEO plugin. -->","yoast_head_json":{"title":"Repertoire - Janina Baechle","description":"Repertoire of Janina Baechle","robots":{"index":"index","follow":"follow","max-snippet":"max-snippet:-1","max-image-preview":"max-image-preview:large","max-video-preview":"max-video-preview:-1"},"canonical":"http:\/\/www.janinabaechle.com\/?page_id=395","og_locale":"de_DE","og_type":"article","og_title":"Repertoire - Janina Baechle","og_description":"Repertoire of Janina Baechle","og_url":"http:\/\/www.janinabaechle.com\/?page_id=395","og_site_name":"Janina Baechle","article_modified_time":"2014-09-21T07:38:36+00:00","twitter_misc":{"Gesch\u00e4tzte Lesezeit":"3\u00a0Minuten"},"schema":{"@context":"https:\/\/schema.org","@graph":[{"@type":"WebPage","@id":"http:\/\/www.janinabaechle.com\/?page_id=395","url":"http:\/\/www.janinabaechle.com\/?page_id=395","name":"Repertoire - Janina Baechle","isPartOf":{"@id":"http:\/\/www.janinabaechle.com\/#website"},"datePublished":"2014-09-13T16:35:54+00:00","dateModified":"2014-09-21T07:38:36+00:00","description":"Repertoire of Janina Baechle","breadcrumb":{"@id":"http:\/\/www.janinabaechle.com\/?page_id=395#breadcrumb"},"inLanguage":"de","potentialAction":[{"@type":"ReadAction","target":["http:\/\/www.janinabaechle.com\/?page_id=395"]}]},{"@type":"BreadcrumbList","@id":"http:\/\/www.janinabaechle.com\/?page_id=395#breadcrumb","itemListElement":[{"@type":"ListItem","position":1,"name":"Home","item":"http:\/\/www.janinabaechle.com\/"},{"@type":"ListItem","position":2,"name":"Repertoire"}]},{"@type":"WebSite","@id":"http:\/\/www.janinabaechle.com\/#website","url":"http:\/\/www.janinabaechle.com\/","name":"Janina Baechle","description":"Official Website of Janina Baechle","potentialAction":[{"@type":"SearchAction","target":{"@type":"EntryPoint","urlTemplate":"http:\/\/www.janinabaechle.com\/?s={search_term_string}"},"query-input":{"@type":"PropertyValueSpecification","valueRequired":true,"valueName":"search_term_string"}}],"inLanguage":"de"}]}},"_links":{"self":[{"href":"http:\/\/www.janinabaechle.com\/index.php?rest_route=\/wp\/v2\/pages\/395","targetHints":{"allow":["GET"]}}],"collection":[{"href":"http:\/\/www.janinabaechle.com\/index.php?rest_route=\/wp\/v2\/pages"}],"about":[{"href":"http:\/\/www.janinabaechle.com\/index.php?rest_route=\/wp\/v2\/types\/page"}],"author":[{"embeddable":true,"href":"http:\/\/www.janinabaechle.com\/index.php?rest_route=\/wp\/v2\/users\/1"}],"replies":[{"embeddable":true,"href":"http:\/\/www.janinabaechle.com\/index.php?rest_route=%2Fwp%2Fv2%2Fcomments&post=395"}],"version-history":[{"count":3,"href":"http:\/\/www.janinabaechle.com\/index.php?rest_route=\/wp\/v2\/pages\/395\/revisions"}],"predecessor-version":[{"id":398,"href":"http:\/\/www.janinabaechle.com\/index.php?rest_route=\/wp\/v2\/pages\/395\/revisions\/398"}],"wp:attachment":[{"href":"http:\/\/www.janinabaechle.com\/index.php?rest_route=%2Fwp%2Fv2%2Fmedia&parent=395"}],"curies":[{"name":"wp","href":"https:\/\/api.w.org\/{rel}","templated":true}]}}