{"id":481,"date":"2014-09-20T20:06:58","date_gmt":"2014-09-20T18:06:58","guid":{"rendered":"http:\/\/www.janinabaechle.com\/?page_id=481"},"modified":"2019-09-22T16:40:56","modified_gmt":"2019-09-22T14:40:56","slug":"janina-baechle-e","status":"publish","type":"page","link":"http:\/\/www.janinabaechle.com\/?page_id=481","title":{"rendered":"Janina Baechle &#8211; Mezzosoprano"},"content":{"rendered":"<div id='layer_slider_1' class='avia-layerslider main_color avia-shadow  avia-builder-el-0  el_before_av_two_third  avia-builder-el-first  container_wrap sidebar_right' style='  height: 541px;' ><\/div><div id='after_layer_slider_1' class='main_color av_default_container_wrap container_wrap sidebar_right' style=' '  ><div class='container' ><div class='template-page content  av-content-small alpha units'><div class='post-entry post-entry-type-page post-entry-481'><div class='entry-content-wrapper clearfix'>\n<div class=\"flex_column av_two_third  flex_column_div first  avia-builder-el-1  el_after_av_layerslider  el_before_av_one_third  avia-builder-el-first  \" ><section class=\"av_textblock_section \"  itemscope=\"itemscope\" itemtype=\"https:\/\/schema.org\/CreativeWork\" ><div class='avia_textblock  '   itemprop=\"text\" ><h3>Start of the Season 2019\/2020 wird Erda:<\/h3>\n<p>The Ring in Minden: <a href=\"http:\/\/www.ring-in-minden.de\/\" target=\"_blank\" rel=\"noopener noreferrer\">http:\/\/www.ring-in-minden.de\/<\/a><\/p>\n<p><a href=\"https:\/\/www.ioco.de\/2019\/09\/14\/minden-stadttheater-minden-rheingold-der-ring-des-nibelungen-ioco-kritik-14-09-2019\/?fbclid=IwAR2NofycNLwHpjQx0jf4AvXWsJ7ONgusTKDdSCD0J959H9lZcf4xXyrXBqA\" target=\"_blank\" rel=\"noopener noreferrer\">Read the review<\/a> by IOCO\/Patrik Klein.<\/p>\n<h3>Ariane et Barbe Bleu<\/h3>\n<p><a href=\"https:\/\/mobile.france.tv\/spectacles-et-culture\/963573-ariane-et-barbe-bleue-de-paul-dukas-au-theatre-du-capitole.html\" target=\"_blank\" rel=\"noopener noreferrer\"><strong>https:\/\/mobile.france.tv\/spectacles-et-culture\/963573-ariane-et-barbe-bleue-de-paul-dukas-au-theatre-du-capitole.html<\/strong><\/a><\/p>\n<p>Acclaimed by public and critics alike and awarded with the prix Claude Rostand by the french critic, the magnificent production of Paul Dukas Ariane et Barbe Bleu of Theatre du Capitole Toulouse can be still watched on culturebox until January 2020!<\/p>\n<p>Regie Stefano Poda\/ ML Pascal Roph\u00e9\/ Ariane Sophie Koch\/Nourrice Janina Baechle<\/p>\n<h4>_________________<\/h4>\n<p>T<span class=\"s1\">he DVD of H\u00e4nsel and Gretel from Vienna State Opera conducted by Christian Thielemann is released.\u00a0<\/span><\/p>\n<h4>_________________<\/h4>\n<p class=\"p1\">\n<p><strong><b><em><i>Elgar \/ The Dream of Gerontius <\/i><\/em><\/b><\/strong><b><\/b><strong><b>\/ <\/b><\/strong>June 15, 2015<br \/>\nThree Choirs Festival Chorus, Nordwestdeutsche Philharmonie\/Frank Beermann<br \/>\nAlfred-Fischer-Halle, Hamm, 13.6.2015<\/p>\n<p><strong><b>The Three Choirs Festival Chorus Takes <em><i>The Dream of Gerontius <\/i><\/em>Back to Germany<\/b><\/strong><\/p>\n<p>(&#8230;)also making her role debut was mezzo-soprano Janina Baechle. I\u2019ve heard her before as one of the soloists in Jonathan Nott\u2019s very good recording of Mahler\u2019s Eighth (<a href=\"http:\/\/www.musicweb-international.com\/classrev\/2013\/Dec13\/Mahler_sys68_71912.htm\">review<\/a>). Earlier this year she sang Wagner with Sir Simon Rattle. She has an impressive CV and it was not hard to hear why. She brought a rich, lustrous voice to the role of The Angel and she also demonstrated a fine degree of identification with the role. Hers was an impressive performance by any standards, committed and involving. I understand that this is a role she has long wanted to sing; I hope she will be given further opportunities to do so.<br \/>\n<a href=\"http:\/\/seenandheard-international.com\/\">Seen and Heard International<\/a><\/p>\n<p class=\"p1\"><span class=\"s1\">(&#8230;)Hingegen beeindruckte <b>Janina Baechle, <\/b> langj\u00e4hriges Mitglied der Wiener Staatsoper, in der Rolle des Engels. Sie meisterte den grossen Stimmumfang der Partie mit angenehmen Timbre von lange gehaltenen recht tiefen T\u00f6nen bis zu strahlenden Spitzent\u00f6nen. Grosse p-Kultur zeigte sie etwa bei \u201eThere was a mortal\u201c, wo ein Sterblicher die Wundmale Christi erleidet, und zum Ende, wo sie in einer Art Arie \u201elegatissimo\u201c und \u201edolcissimo\u201c, wie Elgar vorschreibt, von der Seele Abschied nimmt schliessend mit einem fast gehauchten aber bis zur 29. Reihe, wo der Verfasser sa\u00df, h\u00f6rbaren \u201eFarewell\u201c Auch war sie, soweit m\u00f6glich, textverst\u00e4ndlich.<br \/>\n<a href=\"http:\/\/www.der-neue-merker.eu\/hamm-klassik-sommer-der-traum-des-gerontius-von-sir-edward-elgar\" target=\"_blank\" rel=\"noopener noreferrer\">Der Neue Merker \/ 15. Juni 2015<\/a><\/span><\/p>\n<h4>_________________<\/h4>\n<h4>Mahler \/ Lied von der Erde \/ Stuttgarter Philharmoniker \/ Gabriel Feltz \/ M\u00e4rz 2015<\/h4>\n<p>&#8222;Janina Baechle zeigt ihr ganzes s\u00e4ngerisches Potential, ob es nun geheimnisvolles Raunen in der Tiefe, dramatische gro\u00dfe Intervallspr\u00fcnge oder strahlende H\u00f6hen sind.&#8220;<br \/>\n<strong>Werner Ziegler \/ Mainz Netz<\/strong><\/p>\n<p>&#8222;Ihr subtil gef\u00fchrter Mezzosopran modelliert die Melancholie des &#8222;Einsamen im Herbst&#8220; mit gro\u00dfem Einf\u00fchlungsverm\u00f6gen. Das symbolhafte Tableau des Gedichtes &#8222;Von der Sch\u00f6nheit&#8220; malt sie mit einer F\u00fclle farbiger Nuancen, und der &#8222;Abschied&#8220; ist von Anfang bis Ende in wunderbar ausdrucksvolle vokale Linien gespannt. Janina Baechle riskiert dabei durch h\u00f6chst differenzierte Tongebung auch einige Intonationsschwankungen, doch das schm\u00e4lert die interpretatorische Tiefe dieser S\u00e4ngerin keineswegs.&#8220;<br \/>\n<strong>Dietholf Zerweck \/ Esslinger Zeitung<\/strong><\/p>\n<h4>_________________<\/h4>\n<h4>Die Walk\u00fcre \/ Canadian Opera Company, Toronto \/ Februar 2016<\/h4>\n<p><strong><a href=\"http:\/\/www.nytimes.com\/2015\/02\/03\/arts\/music\/christine-goerke-as-brunnhilde-in-wagners-die-walkure.html?_r=0\" target=\"_blank\" rel=\"noopener noreferrer\">The New York Times<\/a>: <\/strong><\/p>\n<p class=\"p1\">The rich-voiced mezzo-soprano Janina Baechle was engrossingly persuasive as Fricka.<\/p>\n<p class=\"p1\"><strong><a href=\"http:\/\/operagoto.com\/die-walkure-review\/\" target=\"_blank\" rel=\"noopener noreferrer\">Opera going Toronto<\/a> (Ian Ritchie):<\/strong><\/p>\n<p class=\"p1\">Mezzo Janina Baechle is a stormy Fricka, seething and thunderous.<\/p>\n<p><strong><a href=\"http:\/\/schmopera.com\/in-review-die-walkure-at-the-coc\/\" target=\"_blank\" rel=\"noopener noreferrer\">schmopera.com<\/a> &#8211; Opera from another angle:<\/strong><\/p>\n<p class=\"p1\">As Fricka, Wotan\u2019s wife, Janina Baechle was fantastic. She had a voice to match her strong presence, and I believed that she could convince Wotan to change his mind.<\/p>\n<p class=\"p1\">__________________<\/p>\n<p><strong>Recent reviews from Rusalka at the Vienna State Opera (in german)<\/strong><\/p>\n<p><a href=\"http:\/\/m.diepresse.com\/home\/kultur\/klassik\/3866392\/index.do?from=gl.home_kultur\" target=\"_blank\" rel=\"noopener noreferrer\">Die Presse<\/a><\/p>\n<p><a href=\"http:\/\/text.derstandard.at\/2000005268791\/Der-Prachtabend-nach-der-Kuendigung\" target=\"_blank\" rel=\"noopener noreferrer\">Der Standard<\/a><\/p>\n<p><a href=\"http:\/\/www.wienerzeitung.at\/nachrichten\/kultur\/buehne\/658504_Souveraener-Gesang-im-Alptraumland.html\" target=\"_blank\" rel=\"noopener noreferrer\">Wiener Zeitung<\/a><\/p>\n<p>__________________<\/p>\n<p><strong>New CD-Releases<\/strong><br \/>\nSeptember 2014<br \/>\nBeside her new CD with <a href=\"https:\/\/ipsrv02.ip.co.at\/janinabaechle.com\/?portfolio=johannes-brahms\">Songs by Johannes Brahms<\/a>, there is also a release of the Live-Recording from 2011 of Walter Braunfels&#8216; \u201cVerk\u00fcndigung\u201d with the M\u00fcnchner Rundfunkorchester under Ulf Schirmer. <a title=\"Walter Braunfels| Verk\u00fcndigung\" href=\"https:\/\/ipsrv02.ip.co.at\/janinabaechle.com\/?portfolio=walter-braunfels-verkuendigung\">More Infos<\/a>.<\/p>\n<p>__________________<\/p>\n<p><strong>Orph\u00e9e d\u2019or 2014<\/strong><br \/>\nJune 2014<br \/>\nOn June 30, Janina Baechles Mahler CD <em>Urlicht<\/em> was awarded with the <em>Orph\u00e9e d\u2019or Prix Elisabeth Schwarzkopf<\/em> by the Acad\u00e9mie du disque lyrique for best song-interpretation.<\/p>\n<p>__________________<\/p>\n<p><strong>Huge success for Wagners Ring at the Vienna State Opera <\/strong><br \/>\nJune 2014<br \/>\nStanding Ovations for the ensemble and fabulous reviews in the press.<br \/>\n<em>The Operacritic <\/em>about Janinas performance in Siegfried: \u201eJanina Baechle gave a cultivated and unusually bright-toned Erda\u201c and for Waltraude in <em>G\u00f6tterd\u00e4mmerung<\/em>: \u201eJanina Baechle was an intense and captivating Waltraute. Her great scene with Br\u00fcnnhilde (\u201c<em>H\u00f6re mit Sinn, was ich dir sage<\/em>\u201d) was a memorable highlight.\u201c<\/p>\n<p>__________________<\/p>\n<p><strong>Janina Baechle triumphs as Brang\u00e4ne in Tristan und Isolde at the Op\u00e9ra de Paris<\/strong><br \/>\nMay 2014<br \/>\n<em>Le Figaro<\/em> writes: \u201eLe nouvel \u00e9l\u00e9ment de la distribution \u00e9tant la Brang\u00e4ne inoubliable de Janina Baechle, qui chante le texte comme s&#8217;il s&#8217;agissait d&#8217;un lied.\u201c<\/p>\n<\/div><\/section><\/div><div class=\"flex_column av_one_third  flex_column_div av-zero-column-padding   avia-builder-el-3  el_after_av_two_third  avia-builder-el-last  \" style='border-radius:0px; '><p><br \/>\n<section class=\"av_textblock_section \"  itemscope=\"itemscope\" itemtype=\"https:\/\/schema.org\/CreativeWork\" ><div class='avia_textblock  '   itemprop=\"text\" ><p>Erda-Scene from Rheingold &#8211; Symphonieorchester des Bayerischen Rundfunks \/ Sir Simon Rattle<br \/>\nRecorded on April 24, 2015<\/p>\n<audio class=\"wp-audio-shortcode\" id=\"audio-481-1\" preload=\"none\" style=\"width: 100%;\" controls=\"controls\"><source type=\"audio\/mpeg\" src=\"http:\/\/www.janinabaechle.com\/wp-content\/uploads\/2015\/04\/baechle_erda_rattle_BR.mp3?_=1\" \/><a href=\"http:\/\/www.janinabaechle.com\/wp-content\/uploads\/2015\/04\/baechle_erda_rattle_BR.mp3\">http:\/\/www.janinabaechle.com\/wp-content\/uploads\/2015\/04\/baechle_erda_rattle_BR.mp3<\/a><\/audio>\n<\/div><\/section><br \/>\n<div  class='hr hr-default   avia-builder-el-6  el_after_av_textblock  el_before_av_image '><span class='hr-inner ' ><span class='hr-inner-style'><\/span><\/span><\/div><br \/>\n<div class='avia-image-container  av-styling-    avia-builder-el-7  el_after_av_hr  el_before_av_textblock  avia-align-center '  itemprop=\"ImageObject\" itemscope=\"itemscope\" itemtype=\"https:\/\/schema.org\/ImageObject\"  ><div class='avia-image-container-inner'><div class='avia-image-overlay-wrap'><img class='avia_image' src='http:\/\/www.janinabaechle.com\/wp-content\/uploads\/2014\/07\/Janina_Baechle-A_chloris1.jpg' alt='' title='Janina_Baechle-A_chloris' height=\"1600\" width=\"1600\"  itemprop=\"thumbnailUrl\"  \/><\/div><\/div><\/div><br \/>\n<section class=\"av_textblock_section \"  itemscope=\"itemscope\" itemtype=\"https:\/\/schema.org\/CreativeWork\" ><div class='avia_textblock  '   itemprop=\"text\" ><p>Reynaldo Hahn &#8211; A Chloris (<a href=\"https:\/\/itunes.apple.com\/us\/album\/a-chloris-single\/id922259760\" target=\"_blank\" rel=\"noopener noreferrer\">buy<\/a> in Itunes)<\/p>\n<audio class=\"wp-audio-shortcode\" id=\"audio-481-2\" preload=\"none\" style=\"width: 100%;\" controls=\"controls\"><source type=\"audio\/mpeg\" src=\"http:\/\/www.janinabaechle.com\/wp-content\/uploads\/2014\/07\/A-Chloris_16_44_eq.mp3?_=2\" \/><a href=\"http:\/\/www.janinabaechle.com\/wp-content\/uploads\/2014\/07\/A-Chloris_16_44_eq.mp3\">http:\/\/www.janinabaechle.com\/wp-content\/uploads\/2014\/07\/A-Chloris_16_44_eq.mp3<\/a><\/audio>\n<\/div><\/section><\/p><\/div><\/p>\n","protected":false},"excerpt":{"rendered":"","protected":false},"author":1,"featured_media":0,"parent":0,"menu_order":0,"comment_status":"open","ping_status":"open","template":"","meta":{"_bbp_topic_count":0,"_bbp_reply_count":0,"_bbp_total_topic_count":0,"_bbp_total_reply_count":0,"_bbp_voice_count":0,"_bbp_anonymous_reply_count":0,"_bbp_topic_count_hidden":0,"_bbp_reply_count_hidden":0,"_bbp_forum_subforum_count":0,"footnotes":""},"class_list":["post-481","page","type-page","status-publish","hentry"],"yoast_head":"<!-- This site is optimized with the Yoast SEO plugin v27.0 - https:\/\/yoast.com\/product\/yoast-seo-wordpress\/ -->\n<title>Janina Baechle - Mezzosoprano - Janina Baechle<\/title>\n<meta name=\"description\" content=\"Janina Baechle Mezzosoprano mezzo-soprano Brang\u00e4ne Waltraute Brahms Liszt Wagner Akhmatova Rusalka Jezibaba Amneris Eboli Erda Fricka Azucena\" \/>\n<meta name=\"robots\" content=\"index, follow, max-snippet:-1, max-image-preview:large, max-video-preview:-1\" \/>\n<link rel=\"canonical\" href=\"http:\/\/www.janinabaechle.com\/?page_id=481\" \/>\n<meta property=\"og:locale\" content=\"de_DE\" \/>\n<meta property=\"og:type\" content=\"article\" \/>\n<meta property=\"og:title\" content=\"Janina Baechle - Mezzosoprano - Janina Baechle\" \/>\n<meta property=\"og:description\" content=\"Janina Baechle Mezzosoprano mezzo-soprano Brang\u00e4ne Waltraute Brahms Liszt Wagner Akhmatova Rusalka Jezibaba Amneris Eboli Erda Fricka Azucena\" \/>\n<meta property=\"og:url\" content=\"http:\/\/www.janinabaechle.com\/?page_id=481\" \/>\n<meta property=\"og:site_name\" content=\"Janina Baechle\" \/>\n<meta property=\"article:modified_time\" content=\"2019-09-22T14:40:56+00:00\" \/>\n<meta name=\"twitter:label1\" content=\"Gesch\u00e4tzte Lesezeit\" \/>\n\t<meta name=\"twitter:data1\" content=\"5\u00a0Minuten\" \/>\n<script type=\"application\/ld+json\" class=\"yoast-schema-graph\">{\"@context\":\"https:\/\/schema.org\",\"@graph\":[{\"@type\":\"WebPage\",\"@id\":\"http:\/\/www.janinabaechle.com\/?page_id=481\",\"url\":\"http:\/\/www.janinabaechle.com\/?page_id=481\",\"name\":\"Janina Baechle - Mezzosoprano - Janina Baechle\",\"isPartOf\":{\"@id\":\"https:\/\/www.janinabaechle.com\/#website\"},\"datePublished\":\"2014-09-20T18:06:58+00:00\",\"dateModified\":\"2019-09-22T14:40:56+00:00\",\"description\":\"Janina Baechle Mezzosoprano mezzo-soprano Brang\u00e4ne Waltraute Brahms Liszt Wagner Akhmatova Rusalka Jezibaba Amneris Eboli Erda Fricka Azucena\",\"breadcrumb\":{\"@id\":\"http:\/\/www.janinabaechle.com\/?page_id=481#breadcrumb\"},\"inLanguage\":\"de\",\"potentialAction\":[{\"@type\":\"ReadAction\",\"target\":[\"http:\/\/www.janinabaechle.com\/?page_id=481\"]}]},{\"@type\":\"BreadcrumbList\",\"@id\":\"http:\/\/www.janinabaechle.com\/?page_id=481#breadcrumb\",\"itemListElement\":[{\"@type\":\"ListItem\",\"position\":1,\"name\":\"Home\",\"item\":\"https:\/\/www.janinabaechle.com\/\"},{\"@type\":\"ListItem\",\"position\":2,\"name\":\"Janina Baechle &#8211; Mezzosoprano\"}]},{\"@type\":\"WebSite\",\"@id\":\"https:\/\/www.janinabaechle.com\/#website\",\"url\":\"https:\/\/www.janinabaechle.com\/\",\"name\":\"Janina Baechle\",\"description\":\"Official Website of Janina Baechle\",\"potentialAction\":[{\"@type\":\"SearchAction\",\"target\":{\"@type\":\"EntryPoint\",\"urlTemplate\":\"https:\/\/www.janinabaechle.com\/?s={search_term_string}\"},\"query-input\":{\"@type\":\"PropertyValueSpecification\",\"valueRequired\":true,\"valueName\":\"search_term_string\"}}],\"inLanguage\":\"de\"}]}<\/script>\n<!-- \/ Yoast SEO plugin. -->","yoast_head_json":{"title":"Janina Baechle - Mezzosoprano - Janina Baechle","description":"Janina Baechle Mezzosoprano mezzo-soprano Brang\u00e4ne Waltraute Brahms Liszt Wagner Akhmatova Rusalka Jezibaba Amneris Eboli Erda Fricka Azucena","robots":{"index":"index","follow":"follow","max-snippet":"max-snippet:-1","max-image-preview":"max-image-preview:large","max-video-preview":"max-video-preview:-1"},"canonical":"http:\/\/www.janinabaechle.com\/?page_id=481","og_locale":"de_DE","og_type":"article","og_title":"Janina Baechle - Mezzosoprano - Janina Baechle","og_description":"Janina Baechle Mezzosoprano mezzo-soprano Brang\u00e4ne Waltraute Brahms Liszt Wagner Akhmatova Rusalka Jezibaba Amneris Eboli Erda Fricka Azucena","og_url":"http:\/\/www.janinabaechle.com\/?page_id=481","og_site_name":"Janina Baechle","article_modified_time":"2019-09-22T14:40:56+00:00","twitter_misc":{"Gesch\u00e4tzte Lesezeit":"5\u00a0Minuten"},"schema":{"@context":"https:\/\/schema.org","@graph":[{"@type":"WebPage","@id":"http:\/\/www.janinabaechle.com\/?page_id=481","url":"http:\/\/www.janinabaechle.com\/?page_id=481","name":"Janina Baechle - Mezzosoprano - Janina Baechle","isPartOf":{"@id":"https:\/\/www.janinabaechle.com\/#website"},"datePublished":"2014-09-20T18:06:58+00:00","dateModified":"2019-09-22T14:40:56+00:00","description":"Janina Baechle Mezzosoprano mezzo-soprano Brang\u00e4ne Waltraute Brahms Liszt Wagner Akhmatova Rusalka Jezibaba Amneris Eboli Erda Fricka Azucena","breadcrumb":{"@id":"http:\/\/www.janinabaechle.com\/?page_id=481#breadcrumb"},"inLanguage":"de","potentialAction":[{"@type":"ReadAction","target":["http:\/\/www.janinabaechle.com\/?page_id=481"]}]},{"@type":"BreadcrumbList","@id":"http:\/\/www.janinabaechle.com\/?page_id=481#breadcrumb","itemListElement":[{"@type":"ListItem","position":1,"name":"Home","item":"https:\/\/www.janinabaechle.com\/"},{"@type":"ListItem","position":2,"name":"Janina Baechle &#8211; Mezzosoprano"}]},{"@type":"WebSite","@id":"https:\/\/www.janinabaechle.com\/#website","url":"https:\/\/www.janinabaechle.com\/","name":"Janina Baechle","description":"Official Website of Janina Baechle","potentialAction":[{"@type":"SearchAction","target":{"@type":"EntryPoint","urlTemplate":"https:\/\/www.janinabaechle.com\/?s={search_term_string}"},"query-input":{"@type":"PropertyValueSpecification","valueRequired":true,"valueName":"search_term_string"}}],"inLanguage":"de"}]}},"_links":{"self":[{"href":"http:\/\/www.janinabaechle.com\/index.php?rest_route=\/wp\/v2\/pages\/481","targetHints":{"allow":["GET"]}}],"collection":[{"href":"http:\/\/www.janinabaechle.com\/index.php?rest_route=\/wp\/v2\/pages"}],"about":[{"href":"http:\/\/www.janinabaechle.com\/index.php?rest_route=\/wp\/v2\/types\/page"}],"author":[{"embeddable":true,"href":"http:\/\/www.janinabaechle.com\/index.php?rest_route=\/wp\/v2\/users\/1"}],"replies":[{"embeddable":true,"href":"http:\/\/www.janinabaechle.com\/index.php?rest_route=%2Fwp%2Fv2%2Fcomments&post=481"}],"version-history":[{"count":30,"href":"http:\/\/www.janinabaechle.com\/index.php?rest_route=\/wp\/v2\/pages\/481\/revisions"}],"predecessor-version":[{"id":792,"href":"http:\/\/www.janinabaechle.com\/index.php?rest_route=\/wp\/v2\/pages\/481\/revisions\/792"}],"wp:attachment":[{"href":"http:\/\/www.janinabaechle.com\/index.php?rest_route=%2Fwp%2Fv2%2Fmedia&parent=481"}],"curies":[{"name":"wp","href":"https:\/\/api.w.org\/{rel}","templated":true}]}}