{"id":136,"date":"2014-07-12T21:59:27","date_gmt":"2014-07-12T19:59:27","guid":{"rendered":"https:\/\/ipsrv02.ip.co.at\/janinabaechle.com\/?page_id=136"},"modified":"2025-02-04T20:47:46","modified_gmt":"2025-02-04T18:47:46","slug":"kalender","status":"publish","type":"page","link":"https:\/\/www.janinabaechle.com\/?page_id=136","title":{"rendered":"Kalender"},"content":{"rendered":"<div style='padding-bottom:10px; color:#8f833e;' class='av-special-heading av-special-heading-h3 custom-color-heading   avia-builder-el-0  el_before_av_three_fourth  avia-builder-el-first   '><h3 class='av-special-heading-tag '  itemprop=\"headline\"  >Kalender<\/h3><div class='special-heading-border'><div class='special-heading-inner-border' style='border-color:#8f833e'><\/div><\/div><\/div>\n<div class=\"flex_column av_three_fourth  flex_column_div first  avia-builder-el-1  el_after_av_heading  el_before_av_one_fourth  \" ><section class=\"av_textblock_section \"  itemscope=\"itemscope\" itemtype=\"https:\/\/schema.org\/CreativeWork\" ><div class='avia_textblock  '   itemprop=\"text\" ><h3><\/h3>\n<h3><strong>M\u00c4RZ 2025<\/strong><\/h3>\n<p>3. M\u00e4rz 2025 \/ Staatstheater Kassel \/ 5. Sinfoniekonzert \/ Dmitri Schostakowitsch Sechs Gedichte nach Worten von Marina Zwetajewa op. 143a \/ Dirigent: Francesco Angelico<\/p>\n<div  class='hr hr-short hr-left   avia-builder-el-3  el_before_av_hr  avia-builder-el-first '><span class='hr-inner ' ><span class='hr-inner-style'><\/span><\/span><\/div>\n<h3><strong>MAI 2024<\/strong><\/h3>\n<p>17.\/19.\/21.\/24.\/26. Mai 2024 \/ Op\u00e9ra National du Capitole de Toulouse \/ Debussy Pelleas et M\u00e9lisande\/ Genevi\u00e8ve \/ Dirigent Leo Hussain<\/p>\n<div  class='hr hr-short hr-left   avia-builder-el-4  el_after_av_hr  el_before_av_hr '><span class='hr-inner ' ><span class='hr-inner-style'><\/span><\/span><\/div>\n<h3><strong>APRIL 2024<\/strong><\/h3>\n<p>14.\/18.\/20. April 2024 \/ Staatsoper Hamburg \/ Eugen Onegin\/ Filipjewna \/ Dirigent Finnegan Downie Dear<\/p>\n<h3><div  class='hr hr-short hr-left   avia-builder-el-5  el_after_av_hr  el_before_av_hr '><span class='hr-inner ' ><span class='hr-inner-style'><\/span><\/span><\/div><\/h3>\n<h3>JANUAR 2024<\/h3>\n<p>6.\/9.\/11.\/13. Januar 2024\/ Staatsoper Hamburg\/ Jenufa\/Alte Burja\/ Dirigent Tomas Netopil<\/p>\n<div  class='hr hr-short hr-left   avia-builder-el-6  el_after_av_hr  el_before_av_hr '><span class='hr-inner ' ><span class='hr-inner-style'><\/span><\/span><\/div>\n<h3>SEPTEMBER\/OKTOBER 2023<\/h3>\n<p>29. September und 2.\/5.\/7.\/9. Oktober 2023 \/ Liceu Opera Barcelona \/ Eugen Onegin \/ Filipjewna \/ Dirigent Josep Pons<\/p>\n<div  class='hr hr-short hr-left   avia-builder-el-7  el_after_av_hr  avia-builder-el-last '><span class='hr-inner ' ><span class='hr-inner-style'><\/span><\/span><\/div>\n<div><\/div>\n<div>\n<p><strong>FEBRUAR 2023<\/strong><\/p>\n<p>14.\/18.\/22.\/25. Eugen Onegin \/ Filipjewna, Staatsoper Hamburg, Dir.Lidiya Yankovskaya<\/p>\n<\/div>\n<div>\n<p><strong>MAI 2022 <\/strong><\/p>\n<\/div>\n<div>10.05.\u00a0 Hamburg Staatsoper\/ Francis Poulenc Dialogues des Carm\u00e9lites, Mme de Croissy, Dir. Kent Nagano 14.05.Hamburg Staatsoper\/ Poulenc Dialogues des Carm\u00e9lites, Mme de Croissy; Dir.Kent Nagano 19.05. Hamburg Staatsoper\/ Poulenc Dialogues des Carm\u00e9lites, Mme de Croissy, Kent Nagano 22.05. Hamburg Staatsoper\/ Poulenc Dialogues des Carm\u00e9lites, Mme de Croissy, Kent Nagano<\/div>\n<div>\n<p><strong>FEBRUAR 2022<\/strong><br \/>\n28.02. Kassel Staatstheater\/ Edward Elgar Sea Pictures Dirigent Francesco Angelico<\/p>\n<div><\/div>\n<p><strong>JANUAR 2022<\/strong><br \/>\n31.01. Winnenden Liederabend Postkarten der Bell\u00c9poque Markus Hadulla, Klavier<\/p>\n<div><\/div>\n<div>\n<p><strong>OKTOBER 2021<\/strong><br \/>\n1.10. Hamburg P.I. Tschaikovsky\/ Eugen Onegin, Filipjewna \/Staatsoper Hamburg , Dir. Axel Kober<br \/>\n3.10.Angers Maurice Ravel\/ Alcyone, Sophrona\/ , Orchestre National des Pays de la Loire, Sophie Koch, Julien Behr, Dir. Pascal Roph\u00e9<br \/>\n4.10. Paris Philharmonie Maurice Ravel, Alcyone, Sophrona, \u00a0ONPL Dir. Pascal Roph\u00e9,<br \/>\n6.10. Nantes\/ Ravel Alcyone,Sophrona, ONPL Dir Pascal Roph\u00e9<br \/>\n7.10. Hamburg\/ Tschaikovsky Onegin, Filipjewna, Staatsoper Hamburg, Dir. Axel Kober<br \/>\n10.10.Hamburg\/ Tschaikovsky Onegin, Filipjewna, Staatsoper Hambug, Dir. Axel Kober<\/p>\n<\/div>\n<div>\n<p><strong>SEPTEMBER 2021<\/strong><br \/>\n28.09. Eugen Onegin, Filipjewna\u00a0 Staatsoper Hamburg Axel Kober<\/p>\n<\/div>\n<\/div>\n<p><strong>M\u00c4RZ 2021<\/strong><br \/>\n2.M\u00e4rz 2021|Toulouse |Debussy, Pell\u00e9as et M\u00e9lisande|Genevi\u00e8ve | Leo Hussain<br \/>\n5.M\u00e4rz 2021|Toulouse |Pell\u00e9as| Genevi\u00e8ve | Hussain<br \/>\n7.M\u00e4rz 2021|Toulouse | Pell\u00e9as|Genevi\u00e8ve |Hussain<br \/>\n9.M\u00e4rz 2021|Toulouse |Pell\u00e9as|Genevi\u00e8ve |Hussain<br \/>\n11.M\u00e4rz 2021|Toulouse|Pell\u00e9as|Genevi\u00e8ve |Hussain<\/p>\n<p><strong>NOVEMBER 2020<br \/>\n<\/strong>4.November 2020|Bordeaux |Debussy,Pell\u00e9as et M\u00e9lisande |Genevi\u00e8ve |Dumoussaud<br \/>\n5.November 2020|Bordeaux |Debussy, Pell\u00e9as et M\u00e9lisande |Genevi\u00e8ve |Dumoussaud<br \/>\n7.November 2020|Bordeaux | Pell\u00e9as| Genevi\u00e8ve | Dumoussaud<\/p>\n<p><strong>SEPTEMBER 2020<br \/>\n<\/strong>7.\/8. September 2020|Nantes|Aufnahmen ONPL Pascal Roph\u00e9<\/p>\n<p><strong>FEBRUAR 2020<br \/>\n<\/strong>08. Februar 2020 | Toulouse | G.Mahler, Sinfonie Nr.2 | Tugan Sokhiev<br \/>\n11. Februar 2020 | Paris, Philharmonie | G.Mahler Sinfonie Nr. 2 | Tugan Sokhiev<\/p>\n<h3><\/h3>\n<h3><\/h3>\n<h3><\/h3>\n<\/div><\/section><\/div><div class=\"flex_column av_one_fourth  flex_column_div av-zero-column-padding   avia-builder-el-8  el_after_av_three_fourth  avia-builder-el-last  \" style='border-radius:0px; '><p><div class='avia-image-container avia_animated_image avia_animate_when_almost_visible right-to-left av-styling-no-styling    avia-builder-el-9  el_before_av_image  avia-builder-el-first  avia-align-center '  itemprop=\"ImageObject\" itemscope=\"itemscope\" itemtype=\"https:\/\/schema.org\/ImageObject\"  ><div class='avia-image-container-inner'><div class='avia-image-overlay-wrap'><img class='avia_image' src='https:\/\/www.janinabaechle.com\/wp-content\/uploads\/2014\/07\/22071259-_MG_647013001-495x495.jpg' alt='' title='22071259-_MG_64701300' height=\"400\" width=\"400\"  itemprop=\"thumbnailUrl\"  \/><\/div><\/div><\/div><br \/>\n<div class='avia-image-container avia_animated_image avia_animate_when_almost_visible right-to-left av-styling-no-styling    avia-builder-el-10  el_after_av_image  el_before_av_image  avia-align-center '  itemprop=\"ImageObject\" itemscope=\"itemscope\" itemtype=\"https:\/\/schema.org\/ImageObject\"  ><div class='avia-image-container-inner'><div class='avia-image-overlay-wrap'><img class='avia_image' src='https:\/\/www.janinabaechle.com\/wp-content\/uploads\/2014\/07\/janina_konzert.jpg' alt='' title='janina_konzert' height=\"500\" width=\"500\"  itemprop=\"thumbnailUrl\"  \/><\/div><\/div><\/div><br \/>\n<div class='avia-image-container avia_animated_image avia_animate_when_almost_visible right-to-left av-styling-no-styling    avia-builder-el-11  el_after_av_image  el_before_av_image  avia-align-center '  itemprop=\"ImageObject\" itemscope=\"itemscope\" itemtype=\"https:\/\/schema.org\/ImageObject\"  ><div class='avia-image-container-inner'><div class='avia-image-overlay-wrap'><img class='avia_image' src='https:\/\/www.janinabaechle.com\/wp-content\/uploads\/2014\/09\/baechle_horowitz_08.jpg' alt='' title='baechle_horowitz_08' height=\"1600\" width=\"1600\"  itemprop=\"thumbnailUrl\"  \/><\/div><\/div><\/div><br \/>\n<div class='avia-image-container avia_animated_image avia_animate_when_almost_visible right-to-left av-styling-no-styling    avia-builder-el-12  el_after_av_image  avia-builder-el-last  avia-align-center '  itemprop=\"ImageObject\" itemscope=\"itemscope\" itemtype=\"https:\/\/schema.org\/ImageObject\"  ><div class='avia-image-container-inner'><div class='avia-image-overlay-wrap'><img class='avia_image' src='https:\/\/www.janinabaechle.com\/wp-content\/uploads\/2014\/09\/baechle_horowitz_09.jpg' alt='' title='baechle_horowitz_09' height=\"1600\" width=\"1600\"  itemprop=\"thumbnailUrl\"  \/><\/div><\/div><\/div><\/p><\/div><\/p>\n","protected":false},"excerpt":{"rendered":"","protected":false},"author":1,"featured_media":0,"parent":0,"menu_order":0,"comment_status":"open","ping_status":"open","template":"","meta":{"_bbp_topic_count":0,"_bbp_reply_count":0,"_bbp_total_topic_count":0,"_bbp_total_reply_count":0,"_bbp_voice_count":0,"_bbp_anonymous_reply_count":0,"_bbp_topic_count_hidden":0,"_bbp_reply_count_hidden":0,"_bbp_forum_subforum_count":0,"footnotes":""},"class_list":["post-136","page","type-page","status-publish","hentry"],"yoast_head":"<!-- This site is optimized with the Yoast SEO plugin v27.0 - https:\/\/yoast.com\/product\/yoast-seo-wordpress\/ -->\n<title>Kalender - Janina Baechle<\/title>\n<meta name=\"description\" content=\"Kalender und Auftrittsdaten von Janina Baechle\" \/>\n<meta name=\"robots\" content=\"index, follow, max-snippet:-1, max-image-preview:large, max-video-preview:-1\" \/>\n<link rel=\"canonical\" href=\"https:\/\/www.janinabaechle.com\/?page_id=136\" \/>\n<meta property=\"og:locale\" content=\"de_DE\" \/>\n<meta property=\"og:type\" content=\"article\" \/>\n<meta property=\"og:title\" content=\"Kalender - Janina Baechle\" \/>\n<meta property=\"og:description\" content=\"Kalender und Auftrittsdaten von Janina Baechle\" \/>\n<meta property=\"og:url\" content=\"https:\/\/www.janinabaechle.com\/?page_id=136\" \/>\n<meta property=\"og:site_name\" content=\"Janina Baechle\" \/>\n<meta property=\"article:modified_time\" content=\"2025-02-04T18:47:46+00:00\" \/>\n<meta name=\"twitter:label1\" content=\"Gesch\u00e4tzte Lesezeit\" \/>\n\t<meta name=\"twitter:data1\" content=\"3\u00a0Minuten\" \/>\n<script type=\"application\/ld+json\" class=\"yoast-schema-graph\">{\"@context\":\"https:\/\/schema.org\",\"@graph\":[{\"@type\":\"WebPage\",\"@id\":\"https:\/\/www.janinabaechle.com\/?page_id=136\",\"url\":\"https:\/\/www.janinabaechle.com\/?page_id=136\",\"name\":\"Kalender - Janina Baechle\",\"isPartOf\":{\"@id\":\"https:\/\/www.janinabaechle.com\/#website\"},\"datePublished\":\"2014-07-12T19:59:27+00:00\",\"dateModified\":\"2025-02-04T18:47:46+00:00\",\"description\":\"Kalender und Auftrittsdaten von Janina Baechle\",\"breadcrumb\":{\"@id\":\"https:\/\/www.janinabaechle.com\/?page_id=136#breadcrumb\"},\"inLanguage\":\"de\",\"potentialAction\":[{\"@type\":\"ReadAction\",\"target\":[\"https:\/\/www.janinabaechle.com\/?page_id=136\"]}]},{\"@type\":\"BreadcrumbList\",\"@id\":\"https:\/\/www.janinabaechle.com\/?page_id=136#breadcrumb\",\"itemListElement\":[{\"@type\":\"ListItem\",\"position\":1,\"name\":\"Home\",\"item\":\"https:\/\/www.janinabaechle.com\/\"},{\"@type\":\"ListItem\",\"position\":2,\"name\":\"Kalender\"}]},{\"@type\":\"WebSite\",\"@id\":\"https:\/\/www.janinabaechle.com\/#website\",\"url\":\"https:\/\/www.janinabaechle.com\/\",\"name\":\"Janina Baechle\",\"description\":\"Official Website of Janina Baechle\",\"potentialAction\":[{\"@type\":\"SearchAction\",\"target\":{\"@type\":\"EntryPoint\",\"urlTemplate\":\"https:\/\/www.janinabaechle.com\/?s={search_term_string}\"},\"query-input\":{\"@type\":\"PropertyValueSpecification\",\"valueRequired\":true,\"valueName\":\"search_term_string\"}}],\"inLanguage\":\"de\"}]}<\/script>\n<!-- \/ Yoast SEO plugin. -->","yoast_head_json":{"title":"Kalender - Janina Baechle","description":"Kalender und Auftrittsdaten von Janina Baechle","robots":{"index":"index","follow":"follow","max-snippet":"max-snippet:-1","max-image-preview":"max-image-preview:large","max-video-preview":"max-video-preview:-1"},"canonical":"https:\/\/www.janinabaechle.com\/?page_id=136","og_locale":"de_DE","og_type":"article","og_title":"Kalender - Janina Baechle","og_description":"Kalender und Auftrittsdaten von Janina Baechle","og_url":"https:\/\/www.janinabaechle.com\/?page_id=136","og_site_name":"Janina Baechle","article_modified_time":"2025-02-04T18:47:46+00:00","twitter_misc":{"Gesch\u00e4tzte Lesezeit":"3\u00a0Minuten"},"schema":{"@context":"https:\/\/schema.org","@graph":[{"@type":"WebPage","@id":"https:\/\/www.janinabaechle.com\/?page_id=136","url":"https:\/\/www.janinabaechle.com\/?page_id=136","name":"Kalender - Janina Baechle","isPartOf":{"@id":"https:\/\/www.janinabaechle.com\/#website"},"datePublished":"2014-07-12T19:59:27+00:00","dateModified":"2025-02-04T18:47:46+00:00","description":"Kalender und Auftrittsdaten von Janina Baechle","breadcrumb":{"@id":"https:\/\/www.janinabaechle.com\/?page_id=136#breadcrumb"},"inLanguage":"de","potentialAction":[{"@type":"ReadAction","target":["https:\/\/www.janinabaechle.com\/?page_id=136"]}]},{"@type":"BreadcrumbList","@id":"https:\/\/www.janinabaechle.com\/?page_id=136#breadcrumb","itemListElement":[{"@type":"ListItem","position":1,"name":"Home","item":"https:\/\/www.janinabaechle.com\/"},{"@type":"ListItem","position":2,"name":"Kalender"}]},{"@type":"WebSite","@id":"https:\/\/www.janinabaechle.com\/#website","url":"https:\/\/www.janinabaechle.com\/","name":"Janina Baechle","description":"Official Website of Janina Baechle","potentialAction":[{"@type":"SearchAction","target":{"@type":"EntryPoint","urlTemplate":"https:\/\/www.janinabaechle.com\/?s={search_term_string}"},"query-input":{"@type":"PropertyValueSpecification","valueRequired":true,"valueName":"search_term_string"}}],"inLanguage":"de"}]}},"_links":{"self":[{"href":"https:\/\/www.janinabaechle.com\/index.php?rest_route=\/wp\/v2\/pages\/136","targetHints":{"allow":["GET"]}}],"collection":[{"href":"https:\/\/www.janinabaechle.com\/index.php?rest_route=\/wp\/v2\/pages"}],"about":[{"href":"https:\/\/www.janinabaechle.com\/index.php?rest_route=\/wp\/v2\/types\/page"}],"author":[{"embeddable":true,"href":"https:\/\/www.janinabaechle.com\/index.php?rest_route=\/wp\/v2\/users\/1"}],"replies":[{"embeddable":true,"href":"https:\/\/www.janinabaechle.com\/index.php?rest_route=%2Fwp%2Fv2%2Fcomments&post=136"}],"version-history":[{"count":78,"href":"https:\/\/www.janinabaechle.com\/index.php?rest_route=\/wp\/v2\/pages\/136\/revisions"}],"predecessor-version":[{"id":884,"href":"https:\/\/www.janinabaechle.com\/index.php?rest_route=\/wp\/v2\/pages\/136\/revisions\/884"}],"wp:attachment":[{"href":"https:\/\/www.janinabaechle.com\/index.php?rest_route=%2Fwp%2Fv2%2Fmedia&parent=136"}],"curies":[{"name":"wp","href":"https:\/\/api.w.org\/{rel}","templated":true}]}}